{"id":229,"date":"2017-02-08T04:25:02","date_gmt":"2017-02-08T04:25:02","guid":{"rendered":"https:\/\/demo.themegrill.com\/flash\/?page_id=229"},"modified":"2021-04-25T18:01:42","modified_gmt":"2021-04-25T18:01:42","slug":"service","status":"publish","type":"page","link":"https:\/\/csvulcanesti.md\/index.php\/service\/","title":{"rendered":"Service"},"content":{"rendered":"\t\t<div data-elementor-type=\"wp-page\" data-elementor-id=\"229\" class=\"elementor elementor-229\" data-elementor-settings=\"[]\">\n\t\t\t\t\t\t\t<div class=\"elementor-section-wrap\">\n\t\t\t\t\t\t\t<section class=\"elementor-section elementor-top-section elementor-element elementor-element-27849dff elementor-section-boxed elementor-section-height-default elementor-section-height-default\" data-id=\"27849dff\" data-element_type=\"section\" data-settings=\"{&quot;background_background&quot;:&quot;classic&quot;}\">\n\t\t\t\t\t\t<div class=\"elementor-container elementor-column-gap-default\">\n\t\t\t\t\t<div class=\"elementor-column elementor-col-100 elementor-top-column elementor-element elementor-element-350f0579\" data-id=\"350f0579\" data-element_type=\"column\">\n\t\t\t<div class=\"elementor-widget-wrap elementor-element-populated\">\n\t\t\t\t\t\t\t\t<div class=\"elementor-element elementor-element-7bf0d5ab elementor-widget elementor-widget-heading\" data-id=\"7bf0d5ab\" data-element_type=\"widget\" data-widget_type=\"heading.default\">\n\t\t\t\t<div class=\"elementor-widget-container\">\n\t\t\t<h2 class=\"elementor-heading-title elementor-size-default\">Centrul de S\u0103n\u0103tate Vulc\u0103ne\u0219ti<\/h2>\t\t<\/div>\n\t\t\t\t<\/div>\n\t\t\t\t\t<\/div>\n\t\t<\/div>\n\t\t\t\t\t\t\t<\/div>\n\t\t<\/section>\n\t\t\t\t<section class=\"elementor-section elementor-top-section elementor-element elementor-element-28ff951d elementor-section-boxed elementor-section-height-default elementor-section-height-default\" data-id=\"28ff951d\" data-element_type=\"section\" data-settings=\"{&quot;background_background&quot;:&quot;classic&quot;}\">\n\t\t\t\t\t\t<div class=\"elementor-container elementor-column-gap-default\">\n\t\t\t\t\t<div class=\"elementor-column elementor-col-33 elementor-top-column elementor-element elementor-element-779ea08d\" data-id=\"779ea08d\" data-element_type=\"column\">\n\t\t\t<div class=\"elementor-widget-wrap elementor-element-populated\">\n\t\t\t\t\t\t\t\t<div class=\"elementor-element elementor-element-5efb9c7b elementor-widget elementor-widget-image\" data-id=\"5efb9c7b\" data-element_type=\"widget\" data-widget_type=\"image.default\">\n\t\t\t\t<div class=\"elementor-widget-container\">\n\t\t\t\t\t\t\t\t\t\t\t\t\t\t\t\t<a href=\"http:\/\/csvulcanesti.md\/\">\n\t\t\t\t\t\t\t<img loading=\"lazy\" decoding=\"async\" width=\"300\" height=\"228\" src=\"https:\/\/csvulcanesti.md\/wp-content\/uploads\/2021\/04\/farmacia.png\" class=\"attachment-large size-large\" alt=\"\" \/>\t\t\t\t\t\t\t\t<\/a>\n\t\t\t\t\t\t\t\t\t\t\t\t\t\t\t<\/div>\n\t\t\t\t<\/div>\n\t\t\t\t\t<\/div>\n\t\t<\/div>\n\t\t\t\t<div class=\"elementor-column elementor-col-33 elementor-top-column elementor-element elementor-element-4bf10edb\" data-id=\"4bf10edb\" data-element_type=\"column\">\n\t\t\t<div class=\"elementor-widget-wrap elementor-element-populated\">\n\t\t\t\t\t\t\t\t<section class=\"elementor-section elementor-inner-section elementor-element elementor-element-c82c2c1 elementor-section-boxed elementor-section-height-default elementor-section-height-default\" data-id=\"c82c2c1\" data-element_type=\"section\">\n\t\t\t\t\t\t<div class=\"elementor-container elementor-column-gap-default\">\n\t\t\t\t\t<div class=\"elementor-column elementor-col-25 elementor-inner-column elementor-element elementor-element-738f907a\" data-id=\"738f907a\" data-element_type=\"column\">\n\t\t\t<div class=\"elementor-widget-wrap elementor-element-populated\">\n\t\t\t\t\t\t\t\t<div class=\"elementor-element elementor-element-3136ac14 elementor-align-center elementor-widget elementor-widget-button\" data-id=\"3136ac14\" data-element_type=\"widget\" data-widget_type=\"button.default\">\n\t\t\t\t<div class=\"elementor-widget-container\">\n\t\t\t\t\t<div class=\"elementor-button-wrapper\">\n\t\t\t<a href=\"#\" class=\"elementor-button-link elementor-button elementor-size-sm\" role=\"button\">\n\t\t\t\t\t\t<span class=\"elementor-button-content-wrapper\">\n\t\t\t\t\t\t<span class=\"elementor-button-text\">Acas\u0103<\/span>\n\t\t<\/span>\n\t\t\t\t\t<\/a>\n\t\t<\/div>\n\t\t\t\t<\/div>\n\t\t\t\t<\/div>\n\t\t\t\t\t<\/div>\n\t\t<\/div>\n\t\t\t\t<div class=\"elementor-column elementor-col-25 elementor-inner-column elementor-element elementor-element-710264e2\" data-id=\"710264e2\" data-element_type=\"column\">\n\t\t\t<div class=\"elementor-widget-wrap elementor-element-populated\">\n\t\t\t\t\t\t\t\t<div class=\"elementor-element elementor-element-75a2e539 elementor-widget elementor-widget-button\" data-id=\"75a2e539\" data-element_type=\"widget\" data-widget_type=\"button.default\">\n\t\t\t\t<div class=\"elementor-widget-container\">\n\t\t\t\t\t<div class=\"elementor-button-wrapper\">\n\t\t\t<a href=\"#\" class=\"elementor-button-link elementor-button elementor-size-sm\" role=\"button\">\n\t\t\t\t\t\t<span class=\"elementor-button-content-wrapper\">\n\t\t\t\t\t\t<span class=\"elementor-button-text\">Serviciile noastre<\/span>\n\t\t<\/span>\n\t\t\t\t\t<\/a>\n\t\t<\/div>\n\t\t\t\t<\/div>\n\t\t\t\t<\/div>\n\t\t\t\t\t<\/div>\n\t\t<\/div>\n\t\t\t\t<div class=\"elementor-column elementor-col-25 elementor-inner-column elementor-element elementor-element-7b69ec33\" data-id=\"7b69ec33\" data-element_type=\"column\">\n\t\t\t<div class=\"elementor-widget-wrap elementor-element-populated\">\n\t\t\t\t\t\t\t\t<div class=\"elementor-element elementor-element-296b8619 elementor-align-center elementor-widget elementor-widget-button\" data-id=\"296b8619\" data-element_type=\"widget\" data-widget_type=\"button.default\">\n\t\t\t\t<div class=\"elementor-widget-container\">\n\t\t\t\t\t<div class=\"elementor-button-wrapper\">\n\t\t\t<a href=\"#\" class=\"elementor-button-link elementor-button elementor-size-sm\" role=\"button\">\n\t\t\t\t\t\t<span class=\"elementor-button-content-wrapper\">\n\t\t\t\t\t\t<span class=\"elementor-button-text\">Medici<\/span>\n\t\t<\/span>\n\t\t\t\t\t<\/a>\n\t\t<\/div>\n\t\t\t\t<\/div>\n\t\t\t\t<\/div>\n\t\t\t\t\t<\/div>\n\t\t<\/div>\n\t\t\t\t<div class=\"elementor-column elementor-col-25 elementor-inner-column elementor-element elementor-element-9bc69be\" data-id=\"9bc69be\" data-element_type=\"column\">\n\t\t\t<div class=\"elementor-widget-wrap elementor-element-populated\">\n\t\t\t\t\t\t\t\t<div class=\"elementor-element elementor-element-5c24aa2d elementor-align-center elementor-widget elementor-widget-button\" data-id=\"5c24aa2d\" data-element_type=\"widget\" data-widget_type=\"button.default\">\n\t\t\t\t<div class=\"elementor-widget-container\">\n\t\t\t\t\t<div class=\"elementor-button-wrapper\">\n\t\t\t<a href=\"#\" class=\"elementor-button-link elementor-button elementor-size-sm\" role=\"button\">\n\t\t\t\t\t\t<span class=\"elementor-button-content-wrapper\">\n\t\t\t\t\t\t<span class=\"elementor-button-text\">Contacte<\/span>\n\t\t<\/span>\n\t\t\t\t\t<\/a>\n\t\t<\/div>\n\t\t\t\t<\/div>\n\t\t\t\t<\/div>\n\t\t\t\t\t<\/div>\n\t\t<\/div>\n\t\t\t\t\t\t\t<\/div>\n\t\t<\/section>\n\t\t\t\t\t<\/div>\n\t\t<\/div>\n\t\t\t\t<div class=\"elementor-column elementor-col-33 elementor-top-column elementor-element elementor-element-5b87e89f\" data-id=\"5b87e89f\" data-element_type=\"column\">\n\t\t\t<div class=\"elementor-widget-wrap\">\n\t\t\t\t\t\t\t\t\t<\/div>\n\t\t<\/div>\n\t\t\t\t\t\t\t<\/div>\n\t\t<\/section>\n\t\t\t\t<section class=\"elementor-section elementor-top-section elementor-element elementor-element-32385eae elementor-section-boxed elementor-section-height-default elementor-section-height-default\" data-id=\"32385eae\" data-element_type=\"section\" data-settings=\"{&quot;background_background&quot;:&quot;classic&quot;}\">\n\t\t\t\t\t\t<div class=\"elementor-container elementor-column-gap-default\">\n\t\t\t\t\t<div class=\"elementor-column elementor-col-100 elementor-top-column elementor-element elementor-element-1a765b7c\" data-id=\"1a765b7c\" data-element_type=\"column\">\n\t\t\t<div class=\"elementor-widget-wrap elementor-element-populated\">\n\t\t\t\t\t\t\t\t<div class=\"elementor-element elementor-element-1ec13f55 elementor-widget elementor-widget-heading\" data-id=\"1ec13f55\" data-element_type=\"widget\" data-widget_type=\"heading.default\">\n\t\t\t\t<div class=\"elementor-widget-container\">\n\t\t\t<h2 class=\"elementor-heading-title elementor-size-default\">DESPRE SEVICILE<\/h2>\t\t<\/div>\n\t\t\t\t<\/div>\n\t\t\t\t\t<\/div>\n\t\t<\/div>\n\t\t\t\t\t\t\t<\/div>\n\t\t<\/section>\n\t\t\t\t<section class=\"elementor-section elementor-top-section elementor-element elementor-element-3d03da31 elementor-section-full_width elementor-section-height-default elementor-section-height-default\" data-id=\"3d03da31\" data-element_type=\"section\" data-settings=\"{&quot;background_background&quot;:&quot;classic&quot;}\">\n\t\t\t\t\t\t<div class=\"elementor-container elementor-column-gap-default\">\n\t\t\t\t\t<div class=\"elementor-column elementor-col-100 elementor-top-column elementor-element elementor-element-44e6d8b6\" data-id=\"44e6d8b6\" data-element_type=\"column\">\n\t\t\t<div class=\"elementor-widget-wrap elementor-element-populated\">\n\t\t\t\t\t\t\t\t<div class=\"elementor-element elementor-element-549cc3b9 elementor-widget elementor-widget-heading\" data-id=\"549cc3b9\" data-element_type=\"widget\" data-widget_type=\"heading.default\">\n\t\t\t\t<div class=\"elementor-widget-container\">\n\t\t\t<h2 class=\"elementor-heading-title elementor-size-medium\"><p>\n    IMSP Centrul de S\u0103n\u0103tate Vulc\u0103ne\u0219ti este o institu\u0163ie medico-sanitar\u0103\n    public\u0103 menit\u0103 s\u0103 asigure men\u021binerea \u0219i ameliorarea s\u0103n\u0103t\u0103\u0163ii\n    contingentului arondat prin asigurarea accesului echitabil al pacien\u021bilor\n    la servicii de s\u0103n\u0103tate, de calitate, cu accentuarea m\u0103surilor de\n    profilaxie primar\u0103, secundar\u0103 \u015fi ter\u0163iar\u0103 \u0219i prin sus\u021binerea interven\u021biilor\n    de promovare a unui mod de via\u021b\u0103 s\u0103n\u0103tos.\n\n    Conform Regulamentului de activitate, Policlinica asigur\u0103 urm\u0103toarele\n    tipuri de asisten\u0163\u0103 \u015fi servicii medicale:<\/p>\n\n<p>    - urgen\u0163a la etapa prespitaliceasc\u0103;\n<\/p>\n<p>\n    - asisten\u0163a medical\u0103 primar\u0103;\n<\/p>\n<p>\n    - asisten\u0163a medical\u0103 specializat\u0103 de ambulator, inclusiv stomatologic\u0103;\n<\/p>\n<p>\n    - servicii medicale de \u00eenalt\u0103 performan\u0163\u0103;\n<\/p>\n<p>\n    - \u00eengrijiri medicale la domiciliu.\n<\/p>\n<\/h2>\t\t<\/div>\n\t\t\t\t<\/div>\n\t\t\t\t\t<\/div>\n\t\t<\/div>\n\t\t\t\t\t\t\t<\/div>\n\t\t<\/section>\n\t\t\t\t<section class=\"elementor-section elementor-top-section elementor-element elementor-element-1e3fca0b elementor-section-boxed elementor-section-height-default elementor-section-height-default\" data-id=\"1e3fca0b\" data-element_type=\"section\">\n\t\t\t\t\t\t<div class=\"elementor-container elementor-column-gap-default\">\n\t\t\t\t\t<div class=\"elementor-column elementor-col-100 elementor-top-column elementor-element elementor-element-4e85091b\" data-id=\"4e85091b\" data-element_type=\"column\">\n\t\t\t<div class=\"elementor-widget-wrap elementor-element-populated\">\n\t\t\t\t\t\t\t\t<div class=\"elementor-element elementor-element-2a751df8 elementor-widget elementor-widget-google_maps\" data-id=\"2a751df8\" data-element_type=\"widget\" data-widget_type=\"google_maps.default\">\n\t\t\t\t<div class=\"elementor-widget-container\">\n\t\t\t<div class=\"elementor-custom-embed\"><iframe frameborder=\"0\" scrolling=\"no\" marginheight=\"0\" marginwidth=\"0\" src=\"https:\/\/maps.google.com\/maps?q=%D0%9F%D0%BE%D0%BB%D0%B8%D0%BA%D0%BB%D0%B8%D0%BD%D0%B8%D0%BA%D0%B0%20%D0%92%D1%83%D0%BB%D0%BA%D0%B0%D0%BD%D0%B5%D1%88%D1%82%D1%8B&amp;t=m&amp;z=10&amp;output=embed&amp;iwloc=near\" title=\"\u041f\u043e\u043b\u0438\u043a\u043b\u0438\u043d\u0438\u043a\u0430 \u0412\u0443\u043b\u043a\u0430\u043d\u0435\u0448\u0442\u044b\" aria-label=\"\u041f\u043e\u043b\u0438\u043a\u043b\u0438\u043d\u0438\u043a\u0430 \u0412\u0443\u043b\u043a\u0430\u043d\u0435\u0448\u0442\u044b\"><\/iframe><\/div>\t\t<\/div>\n\t\t\t\t<\/div>\n\t\t\t\t\t<\/div>\n\t\t<\/div>\n\t\t\t\t\t\t\t<\/div>\n\t\t<\/section>\n\t\t\t\t<section class=\"elementor-section elementor-top-section elementor-element elementor-element-19eb623 elementor-section-boxed elementor-section-height-default elementor-section-height-default\" data-id=\"19eb623\" data-element_type=\"section\">\n\t\t\t\t\t\t<div class=\"elementor-container elementor-column-gap-default\">\n\t\t\t\t\t<div class=\"elementor-column elementor-col-33 elementor-top-column elementor-element elementor-element-e3dda38\" data-id=\"e3dda38\" data-element_type=\"column\">\n\t\t\t<div class=\"elementor-widget-wrap elementor-element-populated\">\n\t\t\t\t\t\t\t\t<div class=\"elementor-element elementor-element-9a54631 elementor-widget elementor-widget-image\" data-id=\"9a54631\" data-element_type=\"widget\" data-widget_type=\"image.default\">\n\t\t\t\t<div class=\"elementor-widget-container\">\n\t\t\t\t\t\t\t\t\t\t\t\t\t\t\t\t<a href=\"https:\/\/cancelaria.gov.md\/\" target=\"_blank\">\n\t\t\t\t\t\t\t<img loading=\"lazy\" decoding=\"async\" width=\"400\" height=\"100\" src=\"https:\/\/csvulcanesti.md\/wp-content\/uploads\/2021\/04\/cancelaria.jpg\" class=\"attachment-full size-full\" alt=\"\" srcset=\"https:\/\/csvulcanesti.md\/wp-content\/uploads\/2021\/04\/cancelaria.jpg 400w, https:\/\/csvulcanesti.md\/wp-content\/uploads\/2021\/04\/cancelaria-300x75.jpg 300w\" sizes=\"auto, (max-width: 400px) 100vw, 400px\" \/>\t\t\t\t\t\t\t\t<\/a>\n\t\t\t\t\t\t\t\t\t\t\t\t\t\t\t<\/div>\n\t\t\t\t<\/div>\n\t\t\t\t\t<\/div>\n\t\t<\/div>\n\t\t\t\t<div class=\"elementor-column elementor-col-33 elementor-top-column elementor-element elementor-element-6a0b2666\" data-id=\"6a0b2666\" data-element_type=\"column\">\n\t\t\t<div class=\"elementor-widget-wrap elementor-element-populated\">\n\t\t\t\t\t\t\t\t<div class=\"elementor-element elementor-element-172f92de elementor-widget elementor-widget-image\" data-id=\"172f92de\" data-element_type=\"widget\" data-widget_type=\"image.default\">\n\t\t\t\t<div class=\"elementor-widget-container\">\n\t\t\t\t\t\t\t\t\t\t\t\t\t\t\t\t<a href=\"https:\/\/msmps.gov.md\/\" target=\"_blank\">\n\t\t\t\t\t\t\t<img loading=\"lazy\" decoding=\"async\" width=\"400\" height=\"100\" src=\"https:\/\/csvulcanesti.md\/wp-content\/uploads\/2021\/04\/msmps.jpg\" class=\"attachment-large size-large\" alt=\"\" srcset=\"https:\/\/csvulcanesti.md\/wp-content\/uploads\/2021\/04\/msmps.jpg 400w, https:\/\/csvulcanesti.md\/wp-content\/uploads\/2021\/04\/msmps-300x75.jpg 300w\" sizes=\"auto, (max-width: 400px) 100vw, 400px\" \/>\t\t\t\t\t\t\t\t<\/a>\n\t\t\t\t\t\t\t\t\t\t\t\t\t\t\t<\/div>\n\t\t\t\t<\/div>\n\t\t\t\t\t<\/div>\n\t\t<\/div>\n\t\t\t\t<div class=\"elementor-column elementor-col-33 elementor-top-column elementor-element elementor-element-6690f04\" data-id=\"6690f04\" data-element_type=\"column\">\n\t\t\t<div class=\"elementor-widget-wrap elementor-element-populated\">\n\t\t\t\t\t\t\t\t<div class=\"elementor-element elementor-element-26e3775c elementor-widget elementor-widget-image\" data-id=\"26e3775c\" data-element_type=\"widget\" data-widget_type=\"image.default\">\n\t\t\t\t<div class=\"elementor-widget-container\">\n\t\t\t\t\t\t\t\t\t\t\t\t\t\t\t\t<a href=\"http:\/\/112.md\/\" target=\"_blank\">\n\t\t\t\t\t\t\t<img loading=\"lazy\" decoding=\"async\" width=\"190\" height=\"133\" src=\"https:\/\/csvulcanesti.md\/wp-content\/uploads\/2021\/04\/112design_02_alb.png\" class=\"attachment-large size-large\" alt=\"\" \/>\t\t\t\t\t\t\t\t<\/a>\n\t\t\t\t\t\t\t\t\t\t\t\t\t\t\t<\/div>\n\t\t\t\t<\/div>\n\t\t\t\t\t<\/div>\n\t\t<\/div>\n\t\t\t\t\t\t\t<\/div>\n\t\t<\/section>\n\t\t\t\t<section class=\"elementor-section elementor-top-section elementor-element elementor-element-7eec1f05 elementor-section-boxed elementor-section-height-default elementor-section-height-default\" data-id=\"7eec1f05\" data-element_type=\"section\">\n\t\t\t\t\t\t<div class=\"elementor-container elementor-column-gap-default\">\n\t\t\t\t\t<div class=\"elementor-column elementor-col-33 elementor-top-column elementor-element elementor-element-2561cbe5\" data-id=\"2561cbe5\" data-element_type=\"column\">\n\t\t\t<div class=\"elementor-widget-wrap elementor-element-populated\">\n\t\t\t\t\t\t\t\t<div class=\"elementor-element elementor-element-3de8c5c6 elementor-widget elementor-widget-image\" data-id=\"3de8c5c6\" data-element_type=\"widget\" data-widget_type=\"image.default\">\n\t\t\t\t<div class=\"elementor-widget-container\">\n\t\t\t\t\t\t\t\t\t\t\t\t\t\t\t\t<a href=\"http:\/\/www.cnam.gov.md\/\" target=\"_blank\">\n\t\t\t\t\t\t\t<img loading=\"lazy\" decoding=\"async\" width=\"400\" height=\"133\" src=\"https:\/\/csvulcanesti.md\/wp-content\/uploads\/2021\/04\/logo.png\" class=\"attachment-full size-full\" alt=\"\" srcset=\"https:\/\/csvulcanesti.md\/wp-content\/uploads\/2021\/04\/logo.png 400w, https:\/\/csvulcanesti.md\/wp-content\/uploads\/2021\/04\/logo-300x100.png 300w\" sizes=\"auto, (max-width: 400px) 100vw, 400px\" \/>\t\t\t\t\t\t\t\t<\/a>\n\t\t\t\t\t\t\t\t\t\t\t\t\t\t\t<\/div>\n\t\t\t\t<\/div>\n\t\t\t\t\t<\/div>\n\t\t<\/div>\n\t\t\t\t<div class=\"elementor-column elementor-col-33 elementor-top-column elementor-element elementor-element-758677ee\" data-id=\"758677ee\" data-element_type=\"column\">\n\t\t\t<div class=\"elementor-widget-wrap elementor-element-populated\">\n\t\t\t\t\t\t\t\t<div class=\"elementor-element elementor-element-5c281a3 elementor-widget elementor-widget-image\" data-id=\"5c281a3\" data-element_type=\"widget\" data-widget_type=\"image.default\">\n\t\t\t\t<div class=\"elementor-widget-container\">\n\t\t\t\t\t\t\t\t\t\t\t\t\t\t\t\t<a href=\"http:\/\/e-sanatate.md\/\" target=\"_blank\">\n\t\t\t\t\t\t\t<img loading=\"lazy\" decoding=\"async\" width=\"300\" height=\"133\" src=\"https:\/\/csvulcanesti.md\/wp-content\/uploads\/2021\/04\/esan.png\" class=\"attachment-full size-full\" alt=\"\" \/>\t\t\t\t\t\t\t\t<\/a>\n\t\t\t\t\t\t\t\t\t\t\t\t\t\t\t<\/div>\n\t\t\t\t<\/div>\n\t\t\t\t\t<\/div>\n\t\t<\/div>\n\t\t\t\t<div class=\"elementor-column elementor-col-33 elementor-top-column elementor-element elementor-element-c19065d\" data-id=\"c19065d\" data-element_type=\"column\">\n\t\t\t<div class=\"elementor-widget-wrap elementor-element-populated\">\n\t\t\t\t\t\t\t\t<div class=\"elementor-element elementor-element-62a2eb55 elementor-widget elementor-widget-image\" data-id=\"62a2eb55\" data-element_type=\"widget\" data-widget_type=\"image.default\">\n\t\t\t\t<div class=\"elementor-widget-container\">\n\t\t\t\t\t\t\t\t\t\t\t\t\t\t\t\t<a href=\"https:\/\/consumator.gov.md\/rom\" target=\"_blank\">\n\t\t\t\t\t\t\t<img loading=\"lazy\" decoding=\"async\" width=\"290\" height=\"133\" src=\"https:\/\/csvulcanesti.md\/wp-content\/uploads\/2021\/04\/agp.png\" class=\"attachment-full size-full\" alt=\"\" \/>\t\t\t\t\t\t\t\t<\/a>\n\t\t\t\t\t\t\t\t\t\t\t\t\t\t\t<\/div>\n\t\t\t\t<\/div>\n\t\t\t\t\t<\/div>\n\t\t<\/div>\n\t\t\t\t\t\t\t<\/div>\n\t\t<\/section>\n\t\t\t\t<section class=\"elementor-section elementor-top-section elementor-element elementor-element-4a1a2fad elementor-section-boxed elementor-section-height-default elementor-section-height-default\" data-id=\"4a1a2fad\" data-element_type=\"section\" data-settings=\"{&quot;background_background&quot;:&quot;classic&quot;}\">\n\t\t\t\t\t\t<div class=\"elementor-container elementor-column-gap-default\">\n\t\t\t\t\t<div class=\"elementor-column elementor-col-100 elementor-top-column elementor-element elementor-element-180631a6\" data-id=\"180631a6\" data-element_type=\"column\">\n\t\t\t<div class=\"elementor-widget-wrap elementor-element-populated\">\n\t\t\t\t\t\t\t\t<div class=\"elementor-element elementor-element-77a9d6c0 elementor-widget elementor-widget-heading\" data-id=\"77a9d6c0\" data-element_type=\"widget\" data-widget_type=\"heading.default\">\n\t\t\t\t<div class=\"elementor-widget-container\">\n\t\t\t<h4 class=\"elementor-heading-title elementor-size-default\"><div>\n    <div>\n        <div>\n            <div>\n                <div>\n                    <h3>\n                        Adresa noastr\u0103\n                    <\/h3>\n                <\/div>\n            <\/div>\n            <div>\n                <div>\n                    <div>\n                        <p>\n                          or.Vulcanesti, str. Plotnicov, 59 \n                        <\/p>\n                    <\/div>\n                <\/div>\n            <\/div>\n        <\/div>\n    <\/div>\n<\/div>\n<div>\n    <div>\n        <div>\n            <div>\n                <div>\n                    <h3>\n                        Orar de lucru\n                    <\/h3>\n                <\/div>\n            <\/div>\n            <div>\n                <div>\n                    <div>\n                        <table>\n                            <tbody>\n                                <tr>\n                                    <td>\n                                        <strong>luni <\/strong>\n                                    <\/td>\n                                    <td>\n                                        08:00\u201317:00\n                                    <\/td>\n                                <\/tr>\n                                <tr>\n                                    <td>\n                                        <strong>mar\u0163i<\/strong>\n                                    <\/td>\n                                    <td>\n                                        08:00\u201317:00\n                                    <\/td>\n                                <\/tr>\n                                <tr>\n                                    <td>\n                                        <strong>miercuri<\/strong>\n                                    <\/td>\n                                    <td>\n                                        08:00\u201317:00\n                                    <\/td>\n                                <\/tr>\n                                <tr>\n                                    <td>\n                                        <strong>joi<\/strong>\n                                    <\/td>\n                                    <td>\n                                        08:00\u201317:00\n                                    <\/td>\n                                <\/tr>\n                                <tr>\n                                    <td>\n                                        <strong>vineri<\/strong>\n                                    <\/td>\n                                    <td>\n                                        08:00\u201317:00\n                                    <\/td>\n                                <\/tr>\n                                <tr>\n                                    <td>\n                                        <strong>s\u00eemb\u0103t\u0103<\/strong>\n                                    <\/td>\n                                    <td>\n                                        08:00\u201314:00\n                                    <\/td>\n                                <\/tr>\n                                <tr>\n                                    <td>\n                                        <strong>duminic\u0103<\/strong>\n                                    <\/td>\n                                    <td>\n                                            zi liber\u0103\n                                    <\/td>\n                                <\/tr>\n                            <\/tbody>\n                        <\/table>\n                        <div>\n                            <div tabindex=\"0\">\n                            <\/div>\n                        <\/div>\n                    <\/div>\n                <\/div>\n            <\/div>\n        <\/div>\n    <\/div>\n<\/div>\n<div>\n    <div>\n        <div>\n            <div>\n                <div>\n                    <h3>\n                        Contacte\n                    <\/h3>\n                <\/div>\n            <\/div>\n            <div>\n                <div>\n                    <div>\n                        <p>\n                            tel: 029-32-03-44 \/029-32-14-22\n                            <br>\n                            fax: 0293-21-838\n                        <\/p>\n                    <\/div>\n                <\/div>\n            <\/div>\n        <\/div>\n    <\/div>\n<\/div>\n<\/h4>\t\t<\/div>\n\t\t\t\t<\/div>\n\t\t\t\t\t<\/div>\n\t\t<\/div>\n\t\t\t\t\t\t\t<\/div>\n\t\t<\/section>\n\t\t\t\t\t\t<\/div>\n\t\t\t\t\t<\/div>\n\t\t","protected":false},"excerpt":{"rendered":"<p>Centrul de S\u0103n\u0103tate Vulc\u0103ne\u0219ti Acas\u0103 Serviciile noastre Medici Contacte DESPRE SEVICILE IMSP Centrul de S\u0103n\u0103tate Vulc\u0103ne\u0219ti este o institu\u0163ie medico-sanitar\u0103 public\u0103 menit\u0103 s\u0103 asigure men\u021binerea \u0219i ameliorarea s\u0103n\u0103t\u0103\u0163ii contingentului arondat prin asigurarea accesului echitabil al pacien\u021bilor la servicii de s\u0103n\u0103tate, de calitate, cu accentuarea m\u0103surilor de profilaxie primar\u0103, secundar\u0103 \u015fi ter\u0163iar\u0103 \u0219i prin sus\u021binerea interven\u021biilor &hellip;<\/p>\n<p class=\"read-more\"> <a class=\"\" href=\"https:\/\/csvulcanesti.md\/index.php\/service\/\"> <span class=\"screen-reader-text\">Service<\/span> \u0427\u0438\u0442\u0430\u0442\u044c \u043f\u043e\u043b\u043d\u043e\u0441\u0442\u044c\u044e &raquo;<\/a><\/p>\n","protected":false},"author":1,"featured_media":0,"parent":0,"menu_order":0,"comment_status":"closed","ping_status":"closed","template":"elementor_canvas","meta":{"footnotes":""},"class_list":["post-229","page","type-page","status-publish","hentry"],"_links":{"self":[{"href":"https:\/\/csvulcanesti.md\/index.php\/wp-json\/wp\/v2\/pages\/229","targetHints":{"allow":["GET"]}}],"collection":[{"href":"https:\/\/csvulcanesti.md\/index.php\/wp-json\/wp\/v2\/pages"}],"about":[{"href":"https:\/\/csvulcanesti.md\/index.php\/wp-json\/wp\/v2\/types\/page"}],"author":[{"embeddable":true,"href":"https:\/\/csvulcanesti.md\/index.php\/wp-json\/wp\/v2\/users\/1"}],"replies":[{"embeddable":true,"href":"https:\/\/csvulcanesti.md\/index.php\/wp-json\/wp\/v2\/comments?post=229"}],"version-history":[{"count":0,"href":"https:\/\/csvulcanesti.md\/index.php\/wp-json\/wp\/v2\/pages\/229\/revisions"}],"wp:attachment":[{"href":"https:\/\/csvulcanesti.md\/index.php\/wp-json\/wp\/v2\/media?parent=229"}],"curies":[{"name":"wp","href":"https:\/\/api.w.org\/{rel}","templated":true}]}}